{"id":136,"date":"2020-12-09T13:32:43","date_gmt":"2020-12-09T13:32:43","guid":{"rendered":"http:\/\/web-zcs-001.hr-zcs.com:90\/?page_id=136"},"modified":"2020-12-10T13:51:50","modified_gmt":"2020-12-10T13:51:50","slug":"integreater-de","status":"publish","type":"page","link":"https:\/\/www.hahnairfoundation.org\/en\/current-projects\/integreater-de\/","title":{"rendered":"InteGREATer (DE)"},"content":{"rendered":"<div  style='padding-bottom:10px; ' class='av-special-heading av-special-heading-h1    avia-builder-el-0  el_before_av_textblock  avia-builder-el-first  '><h1 class='av-special-heading-tag '  itemprop=\"headline\"  >InteGREATer<\/h1><div class='special-heading-border'><div class='special-heading-inner-border' ><\/div><\/div><\/div>\n<section class=\"av_textblock_section \"  itemscope=\"itemscope\" itemtype=\"https:\/\/schema.org\/CreativeWork\" ><div class='avia_textblock  '   itemprop=\"text\" ><p>InteGREATer e.V. is a private association founded on 16.03.2010 in Frankfurt, which was awarded non-profit status by the Frankfurt tax office due to funding through \u201cyouth welfare, education, vocational training and student support\u201d. From the beginning, the association was funded by the Hessian Ministry of Social Affairs and Integration. The association was founded jointly by the Marburg medical student \u00dcmm\u00fchan Ciftci and the Frankfurt entrepreneur Jochen Sauerborn.<\/p>\n<p>InteGREATer e.V. ist ein\u00a0am 16.03.2010 in Frankfurt gegr\u00fcndeter, privater Verein, dem aufgrund der F\u00f6rderung von \u201eJugendhilfe, Erziehung, Volks- und Berufsbildung und Studentenhilfe\u201c durch das Finanzamt Frankfurt die Gemeinn\u00fctzigkeit zugesprochen wurde. Von Anfang an wird der Verein durch das Hessische Ministerium f\u00fcr Soziales und Integration gef\u00f6rdert. Gegr\u00fcndet wurde der Verein gemeinsam von der Marburger Medizinstudentin \u00dcmm\u00fchan Ciftci und dem Frankfurter Unternehmer Jochen Sauerborn.<\/p>\n<\/div><\/section>\n","protected":false},"excerpt":{"rendered":"","protected":false},"author":3,"featured_media":0,"parent":287,"menu_order":0,"comment_status":"closed","ping_status":"closed","template":"","meta":{"footnotes":""},"class_list":["post-136","page","type-page","status-publish","hentry"],"yoast_head":"<!-- This site is optimized with the Yoast SEO plugin v26.7 - https:\/\/yoast.com\/wordpress\/plugins\/seo\/ -->\n<title>InteGREATer (DE) - Hahnair Foundation<\/title>\n<meta name=\"robots\" content=\"index, follow, max-snippet:-1, max-image-preview:large, max-video-preview:-1\" \/>\n<link rel=\"canonical\" href=\"https:\/\/www.hahnairfoundation.org\/en\/current-projects\/integreater-de\/\" \/>\n<meta property=\"og:locale\" content=\"en_US\" \/>\n<meta property=\"og:type\" content=\"article\" \/>\n<meta property=\"og:title\" content=\"InteGREATer (DE) - Hahnair Foundation\" \/>\n<meta property=\"og:url\" content=\"https:\/\/www.hahnairfoundation.org\/en\/current-projects\/integreater-de\/\" \/>\n<meta property=\"og:site_name\" content=\"Hahnair Foundation\" \/>\n<meta property=\"article:modified_time\" content=\"2020-12-10T13:51:50+00:00\" \/>\n<meta name=\"twitter:card\" content=\"summary_large_image\" \/>\n<meta name=\"twitter:label1\" content=\"Est. reading time\" \/>\n\t<meta name=\"twitter:data1\" content=\"1 minute\" \/>\n<script type=\"application\/ld+json\" class=\"yoast-schema-graph\">{\"@context\":\"https:\/\/schema.org\",\"@graph\":[{\"@type\":\"WebPage\",\"@id\":\"https:\/\/www.hahnairfoundation.org\/en\/current-projects\/integreater-de\/\",\"url\":\"https:\/\/www.hahnairfoundation.org\/en\/current-projects\/integreater-de\/\",\"name\":\"InteGREATer (DE) - Hahnair Foundation\",\"isPartOf\":{\"@id\":\"https:\/\/www.hahnairfoundation.org\/#website\"},\"datePublished\":\"2020-12-09T13:32:43+00:00\",\"dateModified\":\"2020-12-10T13:51:50+00:00\",\"breadcrumb\":{\"@id\":\"https:\/\/www.hahnairfoundation.org\/en\/current-projects\/integreater-de\/#breadcrumb\"},\"inLanguage\":\"en-US\",\"potentialAction\":[{\"@type\":\"ReadAction\",\"target\":[\"https:\/\/www.hahnairfoundation.org\/en\/current-projects\/integreater-de\/\"]}]},{\"@type\":\"BreadcrumbList\",\"@id\":\"https:\/\/www.hahnairfoundation.org\/en\/current-projects\/integreater-de\/#breadcrumb\",\"itemListElement\":[{\"@type\":\"ListItem\",\"position\":1,\"name\":\"Home\",\"item\":\"https:\/\/www.hahnairfoundation.org\/en\/home\/\"},{\"@type\":\"ListItem\",\"position\":2,\"name\":\"Current Projects\",\"item\":\"https:\/\/www.hahnairfoundation.org\/en\/current-projects\/\"},{\"@type\":\"ListItem\",\"position\":3,\"name\":\"InteGREATer (DE)\"}]},{\"@type\":\"WebSite\",\"@id\":\"https:\/\/www.hahnairfoundation.org\/#website\",\"url\":\"https:\/\/www.hahnairfoundation.org\/\",\"name\":\"Hahnair Foundation\",\"description\":\"\",\"potentialAction\":[{\"@type\":\"SearchAction\",\"target\":{\"@type\":\"EntryPoint\",\"urlTemplate\":\"https:\/\/www.hahnairfoundation.org\/?s={search_term_string}\"},\"query-input\":{\"@type\":\"PropertyValueSpecification\",\"valueRequired\":true,\"valueName\":\"search_term_string\"}}],\"inLanguage\":\"en-US\"}]}<\/script>\n<!-- \/ Yoast SEO plugin. -->","yoast_head_json":{"title":"InteGREATer (DE) - Hahnair Foundation","robots":{"index":"index","follow":"follow","max-snippet":"max-snippet:-1","max-image-preview":"max-image-preview:large","max-video-preview":"max-video-preview:-1"},"canonical":"https:\/\/www.hahnairfoundation.org\/en\/current-projects\/integreater-de\/","og_locale":"en_US","og_type":"article","og_title":"InteGREATer (DE) - Hahnair Foundation","og_url":"https:\/\/www.hahnairfoundation.org\/en\/current-projects\/integreater-de\/","og_site_name":"Hahnair Foundation","article_modified_time":"2020-12-10T13:51:50+00:00","twitter_card":"summary_large_image","twitter_misc":{"Est. reading time":"1 minute"},"schema":{"@context":"https:\/\/schema.org","@graph":[{"@type":"WebPage","@id":"https:\/\/www.hahnairfoundation.org\/en\/current-projects\/integreater-de\/","url":"https:\/\/www.hahnairfoundation.org\/en\/current-projects\/integreater-de\/","name":"InteGREATer (DE) - Hahnair Foundation","isPartOf":{"@id":"https:\/\/www.hahnairfoundation.org\/#website"},"datePublished":"2020-12-09T13:32:43+00:00","dateModified":"2020-12-10T13:51:50+00:00","breadcrumb":{"@id":"https:\/\/www.hahnairfoundation.org\/en\/current-projects\/integreater-de\/#breadcrumb"},"inLanguage":"en-US","potentialAction":[{"@type":"ReadAction","target":["https:\/\/www.hahnairfoundation.org\/en\/current-projects\/integreater-de\/"]}]},{"@type":"BreadcrumbList","@id":"https:\/\/www.hahnairfoundation.org\/en\/current-projects\/integreater-de\/#breadcrumb","itemListElement":[{"@type":"ListItem","position":1,"name":"Home","item":"https:\/\/www.hahnairfoundation.org\/en\/home\/"},{"@type":"ListItem","position":2,"name":"Current Projects","item":"https:\/\/www.hahnairfoundation.org\/en\/current-projects\/"},{"@type":"ListItem","position":3,"name":"InteGREATer (DE)"}]},{"@type":"WebSite","@id":"https:\/\/www.hahnairfoundation.org\/#website","url":"https:\/\/www.hahnairfoundation.org\/","name":"Hahnair Foundation","description":"","potentialAction":[{"@type":"SearchAction","target":{"@type":"EntryPoint","urlTemplate":"https:\/\/www.hahnairfoundation.org\/?s={search_term_string}"},"query-input":{"@type":"PropertyValueSpecification","valueRequired":true,"valueName":"search_term_string"}}],"inLanguage":"en-US"}]}},"_links":{"self":[{"href":"https:\/\/www.hahnairfoundation.org\/en\/wp-json\/wp\/v2\/pages\/136","targetHints":{"allow":["GET"]}}],"collection":[{"href":"https:\/\/www.hahnairfoundation.org\/en\/wp-json\/wp\/v2\/pages"}],"about":[{"href":"https:\/\/www.hahnairfoundation.org\/en\/wp-json\/wp\/v2\/types\/page"}],"author":[{"embeddable":true,"href":"https:\/\/www.hahnairfoundation.org\/en\/wp-json\/wp\/v2\/users\/3"}],"replies":[{"embeddable":true,"href":"https:\/\/www.hahnairfoundation.org\/en\/wp-json\/wp\/v2\/comments?post=136"}],"version-history":[{"count":1,"href":"https:\/\/www.hahnairfoundation.org\/en\/wp-json\/wp\/v2\/pages\/136\/revisions"}],"predecessor-version":[{"id":137,"href":"https:\/\/www.hahnairfoundation.org\/en\/wp-json\/wp\/v2\/pages\/136\/revisions\/137"}],"up":[{"embeddable":true,"href":"https:\/\/www.hahnairfoundation.org\/en\/wp-json\/wp\/v2\/pages\/287"}],"wp:attachment":[{"href":"https:\/\/www.hahnairfoundation.org\/en\/wp-json\/wp\/v2\/media?parent=136"}],"curies":[{"name":"wp","href":"https:\/\/api.w.org\/{rel}","templated":true}]}}