{"id":249,"date":"2020-12-10T10:16:30","date_gmt":"2020-12-10T10:16:30","guid":{"rendered":"http:\/\/web-zcs-001.hr-zcs.com:90\/?page_id=249"},"modified":"2020-12-10T13:41:07","modified_gmt":"2020-12-10T13:41:07","slug":"strasenkinder-e-v-de","status":"publish","type":"page","link":"https:\/\/www.hahnairfoundation.org\/en\/current-projects\/strasenkinder-e-v-de\/","title":{"rendered":"Stra\u00dfenkinder e.V. (DE)"},"content":{"rendered":"<div  style='padding-bottom:10px; ' class='av-special-heading av-special-heading-h1    avia-builder-el-0  el_before_av_textblock  avia-builder-el-first  '><h1 class='av-special-heading-tag '  itemprop=\"headline\"  >Stra\u00dfenkinder e.V. <\/h1><div class='special-heading-border'><div class='special-heading-inner-border' ><\/div><\/div><\/div>\n<section class=\"av_textblock_section \"  itemscope=\"itemscope\" itemtype=\"https:\/\/schema.org\/CreativeWork\" ><div class='avia_textblock  '   itemprop=\"text\" ><div class=\"wpb_wrapper\">\n<p>Eines der gr\u00f6\u00dften gesellschaftlichen Probleme der Gegenwart sind Kinder und Jugendliche, die ohne soziale Bindungen aufwachsen. Bis zu 2500 Kinder und Jugendliche geraten in Deutschland j\u00e4hrlich auf die Stra\u00dfe. Die Dunkelziffer ist wahrscheinlich wesentlich h\u00f6her.<\/p>\n<p>Stra\u00dfenkinder e.V. wurde im Jahr 2000 gegr\u00fcndet und ist f\u00fcr die \u201eF\u00f6rderung der Jugendhilfe\u201c vom Finanzamt Berlin anerkannt und ebenfalls nach \u00a775 SGB VIII stattlich anerkannter Tr\u00e4ger der freien Jugendhilfe.<\/p>\n<p>Ziele von Stra\u00dfenkinder e.V.:<\/p>\n<ul>\n<li>Im Sinne der Hilfe zur Selbsthilfe sollen Potentiale junger Menschen entdeckt und zu gef\u00f6rdert werden, so dass sie bei zuk\u00fcnftigen Herausforderungen in der Lage sind, diese eigenst\u00e4ndig zu l\u00f6sen.<\/li>\n<li>Die Kinder und Jugendlichen sowie jungen Vollj\u00e4hrigen sollen zu einer eigenst\u00e4ndigen Lebensf\u00fchrung sowie zur Teilnahme am gesellschaftlichen und kulturellen Leben bef\u00e4higt werden.<\/li>\n<li>Sie sollen bei der Entwicklung von Lebensperspektiven unterst\u00fctzt und durchweiterf\u00fchrende Hilfen gef\u00f6rdert werden.<\/li>\n<li>Sie werden bei der Findung von Wegen aus der Wohnungslosigkeit begleitet.<\/li>\n<\/ul>\n<h4><strong><br \/>\nDas Kinder- und Jugendhaus \u201eBolle\u201c<\/strong><\/h4>\n<p>Im April 2010 wurde das \u201eKinder- und Jugendhaus Bolle\u201c er\u00f6ffnet, das aktiv gegen Kinder- und Bildungsarmut vorgeht.Hier werden t\u00e4glich bis zu 100 Kinder und Jugendliche durch ein abgestimmtes Freizeit- und Bildungsangebot betreut..<\/p>\n<p>Aus einer von 2013 datierenden Brosch\u00fcre der Bundesagentur f\u00fcr Arbeit (BA) geht hervor, dass in Deutschland 1,62 Millionen Kinder unter 15 Jahren von Kinderarmut betroffen sind. Bildung und ein damit einhergehender guter Schulabschluss sind f\u00fcr viele Kinder der einzige Ausweg aus sozial schwachen Strukturen. Des Weiteren sorgt das Kinder und Jugendhaus Bolle mit pr\u00e4ventiven Angeboten daf\u00fcr, dass Kinder erst gar nicht auf der Stra\u00dfe landen.<\/p>\n<p><strong>Sportsozial-Projekt Ukraine<\/strong><\/p>\n<p>Seit 2012 begleitet Stra\u00dfenkinder e.V. ein Sportsozialprojekt in Znamianka, einer Stadt in der Zentralukraine mit knapp 30.000 Einwohnern. Die Lage in der westlich orientierten Region ist durch die aktuelle politische Lage angespannt; die wirtschaftlichen Verh\u00e4ltnisse sind schlecht. Ziel der Initiative ist es, der gesellschaftlichen und gesundheitlichen Benachteiligung von Kindern und Jugendlichen in Znamianka durch passende Angebote entgegenzuwirken. Das Sportsozialprojekt bietet eine sinnvolle Freizeitgestaltung ohne Alkohol und Drogen und Chancen f\u00fcr eine bessere Zukunft. Auf dem Programm stehen unter anderem Sport- und Trainingseinheiten, Theaterworkshops, Hausaufgabenhilfe und Jugendfreizeiten.<\/p>\n<\/div>\n<\/div><\/section>\n<div class=\"flex_column av_one_full  flex_column_div av-zero-column-padding first  avia-builder-el-2  el_after_av_textblock  avia-builder-el-last  column-top-margin\" style='border-radius:0px; '><div id='av-masonry-1' class='av-masonry  noHover av-fixed-size av-large-gap av-hover-overlay-active av-masonry-animation-active av-masonry-col-3 av-caption-always av-caption-style- av-masonry-gallery     '  ><div class='av-masonry-container isotope av-js-disabled ' ><div class='av-masonry-entry isotope-item av-masonry-item-no-image '><\/div><a href=\"https:\/\/www.hahnairfoundation.org\/wp-content\/uploads\/2020\/12\/Kinder-und-Jugendhaus-Bolle-2-469x705-1.jpg\"  aria-label=\"image image with no title\"  id='av-masonry-1-item-255' data-av-masonry-item='255' class='av-masonry-entry isotope-item post-255 attachment type-attachment status-inherit hentry  av-masonry-item-with-image av-grid-img' title=\"\" alt=\"\"   itemprop=\"thumbnailUrl\" ><div class='av-inner-masonry-sizer'><\/div><figure class='av-inner-masonry main_color'><div class=\"av-masonry-outerimage-container\"><div class=\"av-masonry-image-container\" style=\"background-image: url(https:\/\/www.hahnairfoundation.org\/wp-content\/uploads\/2020\/12\/Kinder-und-Jugendhaus-Bolle-2-469x705-1.jpg);\"><\/div><\/div><\/figure><\/a><!--end av-masonry entry--><a href=\"https:\/\/www.hahnairfoundation.org\/wp-content\/uploads\/2020\/12\/Sommerfest-705x470-1.jpg\"  aria-label=\"image image with no title\"  id='av-masonry-1-item-257' data-av-masonry-item='257' class='av-masonry-entry isotope-item post-257 attachment type-attachment status-inherit hentry  av-masonry-item-with-image av-grid-img' title=\"\" alt=\"\"   itemprop=\"thumbnailUrl\" ><div class='av-inner-masonry-sizer'><\/div><figure class='av-inner-masonry main_color'><div class=\"av-masonry-outerimage-container\"><div class=\"av-masonry-image-container\" style=\"background-image: url(https:\/\/www.hahnairfoundation.org\/wp-content\/uploads\/2020\/12\/Sommerfest-705x470-1.jpg);\"><\/div><\/div><\/figure><\/a><!--end av-masonry entry--><a href=\"https:\/\/www.hahnairfoundation.org\/wp-content\/uploads\/2020\/12\/Danke-705x470-1.jpg\"  aria-label=\"image image with no title\"  id='av-masonry-1-item-251' data-av-masonry-item='251' class='av-masonry-entry isotope-item post-251 attachment type-attachment status-inherit hentry  av-masonry-item-with-image av-grid-img' title=\"\" alt=\"\"   itemprop=\"thumbnailUrl\" ><div class='av-inner-masonry-sizer'><\/div><figure class='av-inner-masonry main_color'><div class=\"av-masonry-outerimage-container\"><div class=\"av-masonry-image-container\" style=\"background-image: url(https:\/\/www.hahnairfoundation.org\/wp-content\/uploads\/2020\/12\/Danke-705x470-1.jpg);\"><\/div><\/div><\/figure><\/a><!--end av-masonry entry--><a href=\"https:\/\/www.hahnairfoundation.org\/wp-content\/uploads\/2020\/12\/DSC_0002-705x396-2.jpg\"  aria-label=\"image image with no title\"  id='av-masonry-1-item-252' data-av-masonry-item='252' class='av-masonry-entry isotope-item post-252 attachment type-attachment status-inherit hentry  av-masonry-item-with-image av-landscape-img' title=\"\" alt=\"\"   itemprop=\"thumbnailUrl\" ><div class='av-inner-masonry-sizer'><\/div><figure class='av-inner-masonry main_color'><div class=\"av-masonry-outerimage-container\"><div class=\"av-masonry-image-container\" style=\"background-image: url(https:\/\/www.hahnairfoundation.org\/wp-content\/uploads\/2020\/12\/DSC_0002-705x396-2.jpg);\"><\/div><\/div><\/figure><\/a><!--end av-masonry entry--><a href=\"https:\/\/www.hahnairfoundation.org\/wp-content\/uploads\/2020\/12\/DSC_0020-1024x576-705x397-1.jpg\"  aria-label=\"image image with no title\"  id='av-masonry-1-item-253' data-av-masonry-item='253' class='av-masonry-entry isotope-item post-253 attachment type-attachment status-inherit hentry  av-masonry-item-with-image av-landscape-img' title=\"\" alt=\"\"   itemprop=\"thumbnailUrl\" ><div class='av-inner-masonry-sizer'><\/div><figure class='av-inner-masonry main_color'><div class=\"av-masonry-outerimage-container\"><div class=\"av-masonry-image-container\" style=\"background-image: url(https:\/\/www.hahnairfoundation.org\/wp-content\/uploads\/2020\/12\/DSC_0020-1024x576-705x397-1.jpg);\"><\/div><\/div><\/figure><\/a><!--end av-masonry entry--><a href=\"https:\/\/www.hahnairfoundation.org\/wp-content\/uploads\/2020\/12\/KF1P1437-705x470-1.jpg\"  aria-label=\"image image with no title\"  id='av-masonry-1-item-254' data-av-masonry-item='254' class='av-masonry-entry isotope-item post-254 attachment type-attachment status-inherit hentry  av-masonry-item-with-image av-grid-img' title=\"\" alt=\"\"   itemprop=\"thumbnailUrl\" ><div class='av-inner-masonry-sizer'><\/div><figure class='av-inner-masonry main_color'><div class=\"av-masonry-outerimage-container\"><div class=\"av-masonry-image-container\" style=\"background-image: url(https:\/\/www.hahnairfoundation.org\/wp-content\/uploads\/2020\/12\/KF1P1437-705x470-1.jpg);\"><\/div><\/div><\/figure><\/a><!--end av-masonry entry--><a href=\"https:\/\/www.hahnairfoundation.org\/wp-content\/uploads\/2020\/12\/SBIZHUBC55214051418020_0003-498x705-1.jpg\"  aria-label=\"image image with no title\"  id='av-masonry-1-item-256' data-av-masonry-item='256' class='av-masonry-entry isotope-item post-256 attachment type-attachment status-inherit hentry  av-masonry-item-with-image av-grid-img' title=\"\" alt=\"\"   itemprop=\"thumbnailUrl\" ><div class='av-inner-masonry-sizer'><\/div><figure class='av-inner-masonry main_color'><div class=\"av-masonry-outerimage-container\"><div class=\"av-masonry-image-container\" style=\"background-image: url(https:\/\/www.hahnairfoundation.org\/wp-content\/uploads\/2020\/12\/SBIZHUBC55214051418020_0003-498x705-1.jpg);\"><\/div><\/div><\/figure><\/a><!--end av-masonry entry--><\/div><\/div><\/div>\n","protected":false},"excerpt":{"rendered":"","protected":false},"author":3,"featured_media":0,"parent":287,"menu_order":0,"comment_status":"closed","ping_status":"closed","template":"","meta":{"footnotes":""},"class_list":["post-249","page","type-page","status-publish","hentry"],"yoast_head":"<!-- This site is optimized with the Yoast SEO plugin v27.5 - https:\/\/yoast.com\/product\/yoast-seo-wordpress\/ -->\n<title>Stra\u00dfenkinder e.V. (DE) - Hahnair Foundation<\/title>\n<meta name=\"robots\" content=\"index, follow, max-snippet:-1, max-image-preview:large, max-video-preview:-1\" \/>\n<link rel=\"canonical\" href=\"https:\/\/www.hahnairfoundation.org\/en\/current-projects\/strasenkinder-e-v-de\/\" \/>\n<meta property=\"og:locale\" content=\"en_US\" \/>\n<meta property=\"og:type\" content=\"article\" \/>\n<meta property=\"og:title\" content=\"Stra\u00dfenkinder e.V. (DE) - Hahnair Foundation\" \/>\n<meta property=\"og:url\" content=\"https:\/\/www.hahnairfoundation.org\/en\/current-projects\/strasenkinder-e-v-de\/\" \/>\n<meta property=\"og:site_name\" content=\"Hahnair Foundation\" \/>\n<meta property=\"article:modified_time\" content=\"2020-12-10T13:41:07+00:00\" \/>\n<meta name=\"twitter:card\" content=\"summary_large_image\" \/>\n<meta name=\"twitter:label1\" content=\"Est. reading time\" \/>\n\t<meta name=\"twitter:data1\" content=\"3 minutes\" \/>\n<script type=\"application\/ld+json\" class=\"yoast-schema-graph\">{\"@context\":\"https:\\\/\\\/schema.org\",\"@graph\":[{\"@type\":\"WebPage\",\"@id\":\"https:\\\/\\\/www.hahnairfoundation.org\\\/en\\\/current-projects\\\/strasenkinder-e-v-de\\\/\",\"url\":\"https:\\\/\\\/www.hahnairfoundation.org\\\/en\\\/current-projects\\\/strasenkinder-e-v-de\\\/\",\"name\":\"Stra\u00dfenkinder e.V. (DE) - Hahnair Foundation\",\"isPartOf\":{\"@id\":\"https:\\\/\\\/www.hahnairfoundation.org\\\/#website\"},\"datePublished\":\"2020-12-10T10:16:30+00:00\",\"dateModified\":\"2020-12-10T13:41:07+00:00\",\"breadcrumb\":{\"@id\":\"https:\\\/\\\/www.hahnairfoundation.org\\\/en\\\/current-projects\\\/strasenkinder-e-v-de\\\/#breadcrumb\"},\"inLanguage\":\"en-US\",\"potentialAction\":[{\"@type\":\"ReadAction\",\"target\":[\"https:\\\/\\\/www.hahnairfoundation.org\\\/en\\\/current-projects\\\/strasenkinder-e-v-de\\\/\"]}]},{\"@type\":\"BreadcrumbList\",\"@id\":\"https:\\\/\\\/www.hahnairfoundation.org\\\/en\\\/current-projects\\\/strasenkinder-e-v-de\\\/#breadcrumb\",\"itemListElement\":[{\"@type\":\"ListItem\",\"position\":1,\"name\":\"Home\",\"item\":\"https:\\\/\\\/www.hahnairfoundation.org\\\/en\\\/home\\\/\"},{\"@type\":\"ListItem\",\"position\":2,\"name\":\"Current Projects\",\"item\":\"https:\\\/\\\/www.hahnairfoundation.org\\\/en\\\/current-projects\\\/\"},{\"@type\":\"ListItem\",\"position\":3,\"name\":\"Stra\u00dfenkinder e.V. (DE)\"}]},{\"@type\":\"WebSite\",\"@id\":\"https:\\\/\\\/www.hahnairfoundation.org\\\/#website\",\"url\":\"https:\\\/\\\/www.hahnairfoundation.org\\\/\",\"name\":\"Hahnair Foundation\",\"description\":\"\",\"potentialAction\":[{\"@type\":\"SearchAction\",\"target\":{\"@type\":\"EntryPoint\",\"urlTemplate\":\"https:\\\/\\\/www.hahnairfoundation.org\\\/?s={search_term_string}\"},\"query-input\":{\"@type\":\"PropertyValueSpecification\",\"valueRequired\":true,\"valueName\":\"search_term_string\"}}],\"inLanguage\":\"en-US\"}]}<\/script>\n<!-- \/ Yoast SEO plugin. -->","yoast_head_json":{"title":"Stra\u00dfenkinder e.V. (DE) - Hahnair Foundation","robots":{"index":"index","follow":"follow","max-snippet":"max-snippet:-1","max-image-preview":"max-image-preview:large","max-video-preview":"max-video-preview:-1"},"canonical":"https:\/\/www.hahnairfoundation.org\/en\/current-projects\/strasenkinder-e-v-de\/","og_locale":"en_US","og_type":"article","og_title":"Stra\u00dfenkinder e.V. (DE) - Hahnair Foundation","og_url":"https:\/\/www.hahnairfoundation.org\/en\/current-projects\/strasenkinder-e-v-de\/","og_site_name":"Hahnair Foundation","article_modified_time":"2020-12-10T13:41:07+00:00","twitter_card":"summary_large_image","twitter_misc":{"Est. reading time":"3 minutes"},"schema":{"@context":"https:\/\/schema.org","@graph":[{"@type":"WebPage","@id":"https:\/\/www.hahnairfoundation.org\/en\/current-projects\/strasenkinder-e-v-de\/","url":"https:\/\/www.hahnairfoundation.org\/en\/current-projects\/strasenkinder-e-v-de\/","name":"Stra\u00dfenkinder e.V. (DE) - Hahnair Foundation","isPartOf":{"@id":"https:\/\/www.hahnairfoundation.org\/#website"},"datePublished":"2020-12-10T10:16:30+00:00","dateModified":"2020-12-10T13:41:07+00:00","breadcrumb":{"@id":"https:\/\/www.hahnairfoundation.org\/en\/current-projects\/strasenkinder-e-v-de\/#breadcrumb"},"inLanguage":"en-US","potentialAction":[{"@type":"ReadAction","target":["https:\/\/www.hahnairfoundation.org\/en\/current-projects\/strasenkinder-e-v-de\/"]}]},{"@type":"BreadcrumbList","@id":"https:\/\/www.hahnairfoundation.org\/en\/current-projects\/strasenkinder-e-v-de\/#breadcrumb","itemListElement":[{"@type":"ListItem","position":1,"name":"Home","item":"https:\/\/www.hahnairfoundation.org\/en\/home\/"},{"@type":"ListItem","position":2,"name":"Current Projects","item":"https:\/\/www.hahnairfoundation.org\/en\/current-projects\/"},{"@type":"ListItem","position":3,"name":"Stra\u00dfenkinder e.V. (DE)"}]},{"@type":"WebSite","@id":"https:\/\/www.hahnairfoundation.org\/#website","url":"https:\/\/www.hahnairfoundation.org\/","name":"Hahnair Foundation","description":"","potentialAction":[{"@type":"SearchAction","target":{"@type":"EntryPoint","urlTemplate":"https:\/\/www.hahnairfoundation.org\/?s={search_term_string}"},"query-input":{"@type":"PropertyValueSpecification","valueRequired":true,"valueName":"search_term_string"}}],"inLanguage":"en-US"}]}},"_links":{"self":[{"href":"https:\/\/www.hahnairfoundation.org\/en\/wp-json\/wp\/v2\/pages\/249","targetHints":{"allow":["GET"]}}],"collection":[{"href":"https:\/\/www.hahnairfoundation.org\/en\/wp-json\/wp\/v2\/pages"}],"about":[{"href":"https:\/\/www.hahnairfoundation.org\/en\/wp-json\/wp\/v2\/types\/page"}],"author":[{"embeddable":true,"href":"https:\/\/www.hahnairfoundation.org\/en\/wp-json\/wp\/v2\/users\/3"}],"replies":[{"embeddable":true,"href":"https:\/\/www.hahnairfoundation.org\/en\/wp-json\/wp\/v2\/comments?post=249"}],"version-history":[{"count":4,"href":"https:\/\/www.hahnairfoundation.org\/en\/wp-json\/wp\/v2\/pages\/249\/revisions"}],"predecessor-version":[{"id":680,"href":"https:\/\/www.hahnairfoundation.org\/en\/wp-json\/wp\/v2\/pages\/249\/revisions\/680"}],"up":[{"embeddable":true,"href":"https:\/\/www.hahnairfoundation.org\/en\/wp-json\/wp\/v2\/pages\/287"}],"wp:attachment":[{"href":"https:\/\/www.hahnairfoundation.org\/en\/wp-json\/wp\/v2\/media?parent=249"}],"curies":[{"name":"wp","href":"https:\/\/api.w.org\/{rel}","templated":true}]}}